{"id":65,"date":"2025-02-04T14:22:12","date_gmt":"2025-02-04T13:22:12","guid":{"rendered":"https:\/\/localhost\/?page_id=65"},"modified":"2025-06-17T20:21:10","modified_gmt":"2025-06-17T18:21:10","slug":"impressum","status":"publish","type":"page","link":"https:\/\/www.dng-ms.eu\/nl\/impressum","title":{"rendered":"Colofon"},"content":{"rendered":"<div data-elementor-type=\"wp-page\" data-elementor-id=\"65\" class=\"elementor elementor-65\">\n\t\t\t\t<div class=\"elementor-element elementor-element-527efb2 e-flex e-con-boxed e-con e-parent\" data-id=\"527efb2\" data-element_type=\"container\">\n\t\t\t\t\t<div class=\"e-con-inner\">\n\t\t\t\t<div class=\"elementor-element elementor-element-0a3e974 elementor-widget elementor-widget-heading\" data-id=\"0a3e974\" data-element_type=\"widget\" data-widget_type=\"heading.default\">\n\t\t\t\t\t<h2 class=\"elementor-heading-title elementor-size-default\">Deutsch-Niederl\u00e4ndische Gesellschaft e.V. M\u00fcnster<\/h2>\t\t\t\t<\/div>\n\t\t\t\t\t<\/div>\n\t\t\t\t<\/div>\n\t\t<div class=\"elementor-element elementor-element-0c993fe e-flex e-con-boxed e-con e-parent\" data-id=\"0c993fe\" data-element_type=\"container\">\n\t\t\t\t\t<div class=\"e-con-inner\">\n\t\t<div class=\"elementor-element elementor-element-d4ef0da e-con-full e-flex e-con e-child\" data-id=\"d4ef0da\" data-element_type=\"container\">\n\t\t\t\t<div class=\"elementor-element elementor-element-9151104 elementor-widget elementor-widget-text-editor\" data-id=\"9151104\" data-element_type=\"widget\" data-widget_type=\"text-editor.default\">\n\t\t\t\t\t\t\t\t\t<p>c\/o Handwerkskammer M\u00fcnster<br \/>Bismarckallee 1<br \/>48151 M\u00fcnster<\/p>\t\t\t\t\t\t\t\t<\/div>\n\t\t\t\t<div class=\"elementor-element elementor-element-39c3839 elementor-widget elementor-widget-heading\" data-id=\"39c3839\" data-element_type=\"widget\" data-widget_type=\"heading.default\">\n\t\t\t\t\t<h3 class=\"elementor-heading-title elementor-size-default\">Directie<\/h3>\t\t\t\t<\/div>\n\t\t\t\t<div class=\"elementor-element elementor-element-98d4ef8 elementor-widget elementor-widget-text-editor\" data-id=\"98d4ef8\" data-element_type=\"widget\" data-widget_type=\"text-editor.default\">\n\t\t\t\t\t\t\t\t\t<p>Servaas van der Avoort<br \/>Telefoon: <a href=\"tel:+492515203105\">+49 251 5203 &#8211; 210<\/a><\/p>\t\t\t\t\t\t\t\t<\/div>\n\t\t\t\t<div class=\"elementor-element elementor-element-fdd88b2 elementor-widget elementor-widget-heading\" data-id=\"fdd88b2\" data-element_type=\"widget\" data-widget_type=\"heading.default\">\n\t\t\t\t\t<h3 class=\"elementor-heading-title elementor-size-default\">secretariaat<\/h3>\t\t\t\t<\/div>\n\t\t\t\t<div class=\"elementor-element elementor-element-f4f3193 elementor-widget elementor-widget-text-editor\" data-id=\"f4f3193\" data-element_type=\"widget\" data-widget_type=\"text-editor.default\">\n\t\t\t\t\t\t\t\t\t<p>Lisa Weber<br \/>Telefoon: <a href=\"tel:+492515203105\">+49 251 5203 &#8211; 105<\/a><br \/>Telefax: +49 251 5203 &#8211; 218<br \/>Email: <a href=\"mailto:info@dng-ms.eu\">info@dng-ms.eu<\/a><\/p>\t\t\t\t\t\t\t\t<\/div>\n\t\t\t\t<\/div>\n\t\t<div class=\"elementor-element elementor-element-dffbb60 e-con-full e-flex e-con e-child\" data-id=\"dffbb60\" data-element_type=\"container\">\n\t\t\t\t<div class=\"elementor-element elementor-element-2052b15 elementor-widget elementor-widget-heading\" data-id=\"2052b15\" data-element_type=\"widget\" data-widget_type=\"heading.default\">\n\t\t\t\t\t<h3 class=\"elementor-heading-title elementor-size-default\">Bestuur<\/h3>\t\t\t\t<\/div>\n\t\t\t\t<div class=\"elementor-element elementor-element-eae0ba2 elementor-widget elementor-widget-text-editor\" data-id=\"eae0ba2\" data-element_type=\"widget\" data-widget_type=\"text-editor.default\">\n\t\t\t\t\t\t\t\t\t<p>Dorothee Feller (voorzitter)<br \/>Prof. Dr. Jacco Pekelder (plv. voorzitter)<br \/>Prof. Dr. med. Rudolf Mennigen (plv. voorzitter)<br \/>Paul Abels (bestuurslid)<br \/>J\u00fcrgen Wannhoff (bestuurslid)<\/p>\t\t\t\t\t\t\t\t<\/div>\n\t\t\t\t<div class=\"elementor-element elementor-element-d7b04d4 elementor-widget elementor-widget-heading\" data-id=\"d7b04d4\" data-element_type=\"widget\" data-widget_type=\"heading.default\">\n\t\t\t\t\t<h3 class=\"elementor-heading-title elementor-size-default\">Verenigingsregister<\/h3>\t\t\t\t<\/div>\n\t\t\t\t<div class=\"elementor-element elementor-element-466440d elementor-widget elementor-widget-text-editor\" data-id=\"466440d\" data-element_type=\"widget\" data-widget_type=\"text-editor.default\">\n\t\t\t\t\t\t\t\t\t<p>M\u00fcnster VR 1464<\/p>\t\t\t\t\t\t\t\t<\/div>\n\t\t\t\t<div class=\"elementor-element elementor-element-3ed71e3 elementor-widget elementor-widget-heading\" data-id=\"3ed71e3\" data-element_type=\"widget\" data-widget_type=\"heading.default\">\n\t\t\t\t\t<h3 class=\"elementor-heading-title elementor-size-default\">Verantwoordelijk voor de inhoud<\/h3>\t\t\t\t<\/div>\n\t\t\t\t<div class=\"elementor-element elementor-element-2dce73f elementor-widget elementor-widget-text-editor\" data-id=\"2dce73f\" data-element_type=\"widget\" data-widget_type=\"text-editor.default\">\n\t\t\t\t\t\t\t\t\t<p>Dorothee Feller (voorzitter)<\/p>\t\t\t\t\t\t\t\t<\/div>\n\t\t\t\t<\/div>\n\t\t\t\t\t<\/div>\n\t\t\t\t<\/div>\n\t\t\t\t<\/div>","protected":false},"excerpt":{"rendered":"<p>Deutsch-Niederl\u00e4ndische Gesellschaft e.V. M\u00fcnster c\/o Handwerkskammer M\u00fcnsterBismarckallee 148151 M\u00fcnster Gesch\u00e4ftsf\u00fchrung Servaas van der AvoortTelefon: +49 251 5203 &#8211; 210 Sekretariat Lisa WeberTelefon: +49 251 5203 &#8211; 105Telefax: +49 251 5203 &#8211; 218Email: info@dng-ms.eu Vorstand Dorothee Feller (Vorsitzende)Prof. Dr. Jacco Pekelder (stv. Vorsitzender)Prof. Dr. med. Rudolf Mennigen (stv. Vorsitzender)Paul Abels (Vorstandsmitglied)J\u00fcrgen Wannhoff (Vorstandsmitglied) Vereinsregister M\u00fcnster VR [&hellip;]<\/p>\n","protected":false},"author":1,"featured_media":0,"parent":0,"menu_order":1100,"comment_status":"closed","ping_status":"closed","template":"elementor_header_footer","meta":{"_acf_changed":false,"ocean_post_layout":"","ocean_both_sidebars_style":"","ocean_both_sidebars_content_width":0,"ocean_both_sidebars_sidebars_width":0,"ocean_sidebar":"0","ocean_second_sidebar":"0","ocean_disable_margins":"enable","ocean_add_body_class":"","ocean_shortcode_before_top_bar":"","ocean_shortcode_after_top_bar":"","ocean_shortcode_before_header":"","ocean_shortcode_after_header":"","ocean_has_shortcode":"","ocean_shortcode_after_title":"","ocean_shortcode_before_footer_widgets":"","ocean_shortcode_after_footer_widgets":"","ocean_shortcode_before_footer_bottom":"","ocean_shortcode_after_footer_bottom":"","ocean_display_top_bar":"default","ocean_display_header":"default","ocean_header_style":"","ocean_center_header_left_menu":"0","ocean_custom_header_template":"0","ocean_custom_logo":0,"ocean_custom_retina_logo":0,"ocean_custom_logo_max_width":0,"ocean_custom_logo_tablet_max_width":0,"ocean_custom_logo_mobile_max_width":0,"ocean_custom_logo_max_height":0,"ocean_custom_logo_tablet_max_height":0,"ocean_custom_logo_mobile_max_height":0,"ocean_header_custom_menu":"0","ocean_menu_typo_font_family":"0","ocean_menu_typo_font_subset":"","ocean_menu_typo_font_size":0,"ocean_menu_typo_font_size_tablet":0,"ocean_menu_typo_font_size_mobile":0,"ocean_menu_typo_font_size_unit":"px","ocean_menu_typo_font_weight":"","ocean_menu_typo_font_weight_tablet":"","ocean_menu_typo_font_weight_mobile":"","ocean_menu_typo_transform":"","ocean_menu_typo_transform_tablet":"","ocean_menu_typo_transform_mobile":"","ocean_menu_typo_line_height":0,"ocean_menu_typo_line_height_tablet":0,"ocean_menu_typo_line_height_mobile":0,"ocean_menu_typo_line_height_unit":"","ocean_menu_typo_spacing":0,"ocean_menu_typo_spacing_tablet":0,"ocean_menu_typo_spacing_mobile":0,"ocean_menu_typo_spacing_unit":"","ocean_menu_link_color":"","ocean_menu_link_color_hover":"","ocean_menu_link_color_active":"","ocean_menu_link_background":"","ocean_menu_link_hover_background":"","ocean_menu_link_active_background":"","ocean_menu_social_links_bg":"","ocean_menu_social_hover_links_bg":"","ocean_menu_social_links_color":"","ocean_menu_social_hover_links_color":"","ocean_disable_title":"default","ocean_disable_heading":"default","ocean_post_title":"","ocean_post_subheading":"","ocean_post_title_style":"","ocean_post_title_background_color":"","ocean_post_title_background":0,"ocean_post_title_bg_image_position":"","ocean_post_title_bg_image_attachment":"","ocean_post_title_bg_image_repeat":"","ocean_post_title_bg_image_size":"","ocean_post_title_height":0,"ocean_post_title_bg_overlay":0.5,"ocean_post_title_bg_overlay_color":"","ocean_disable_breadcrumbs":"default","ocean_breadcrumbs_color":"","ocean_breadcrumbs_separator_color":"","ocean_breadcrumbs_links_color":"","ocean_breadcrumbs_links_hover_color":"","ocean_display_footer_widgets":"default","ocean_display_footer_bottom":"default","ocean_custom_footer_template":"0","footnotes":""},"class_list":["post-65","page","type-page","status-publish","hentry","entry"],"acf":[],"_links":{"self":[{"href":"https:\/\/www.dng-ms.eu\/nl\/wp-json\/wp\/v2\/pages\/65","targetHints":{"allow":["GET"]}}],"collection":[{"href":"https:\/\/www.dng-ms.eu\/nl\/wp-json\/wp\/v2\/pages"}],"about":[{"href":"https:\/\/www.dng-ms.eu\/nl\/wp-json\/wp\/v2\/types\/page"}],"author":[{"embeddable":true,"href":"https:\/\/www.dng-ms.eu\/nl\/wp-json\/wp\/v2\/users\/1"}],"replies":[{"embeddable":true,"href":"https:\/\/www.dng-ms.eu\/nl\/wp-json\/wp\/v2\/comments?post=65"}],"version-history":[{"count":20,"href":"https:\/\/www.dng-ms.eu\/nl\/wp-json\/wp\/v2\/pages\/65\/revisions"}],"predecessor-version":[{"id":1096,"href":"https:\/\/www.dng-ms.eu\/nl\/wp-json\/wp\/v2\/pages\/65\/revisions\/1096"}],"wp:attachment":[{"href":"https:\/\/www.dng-ms.eu\/nl\/wp-json\/wp\/v2\/media?parent=65"}],"curies":[{"name":"wp","href":"https:\/\/api.w.org\/{rel}","templated":true}]}}